{"id":145,"date":"2014-06-02T21:03:37","date_gmt":"2014-06-02T19:03:37","guid":{"rendered":"http:\/\/www.cedric-piro.de\/pirosports\/wp\/?page_id=145"},"modified":"2020-01-19T17:04:07","modified_gmt":"2020-01-19T15:04:07","slug":"team","status":"publish","type":"page","link":"https:\/\/www.cedric-piro.de\/pirosports\/?page_id=145","title":{"rendered":"Team"},"content":{"rendered":"<p>Das Team Piro Sports wurde im Jahr 1998 von Erwin Piro\u00a0gegr\u00fcndet. Piro Sports ist ein Team mit einer\u00a0sehr\u00a0famili\u00e4ren Atmosph\u00e4re und einer langen Tradition im Motorsport. Teamchef Erwin Piro macht seit seinem 18. Lebensjahr Rennsport. Der heutige Teamchef griff fr\u00fcher selbst ins Lenkrad und begann seine Karriere mit Bergrennen. Erwin war professioneller Rennfahrer in der Formel Super Vau und in der historischen Europameisterschaft mit Arden Racing in den Jahren\u00a01993 und 1994. Arden beteiligt sich bis heute als Sponsor des Teams und von Nachwuchsrennfahrer Cedric Piro.<\/p>\n<p>Der Einstieg in den Motorsport mit einem eigenen Team erfolgte im Ford Puma Cup im Jahr 1998. Auch im Jahr 1999 war man in dem\u00a0hart\u00a0umk\u00e4mpften Markenpokal am Start. In den Jahren 2000\u00a0bis 2004 trat das Team im Alfa Romeo 147 Cup an. Von 2005\u00a0bis 2012\u00a0trat das Team in der MINI Challenge an\u00a0und stellte mit bis zu\u00a0f\u00fcnf Fahrern eines der gr\u00f6\u00dften Teams im Starterfeld.<\/p>\n<p>Der Einstieg in den Formel-Sport erfolgte nach der Kart-Karriere von Sohn Cedric Piro und dessen Beginn im\u00a0Formel-Auto.\u00a0Im Jahr 2014 startete Piro Sports mit\u00a0zwei Fahrern\u00a0in der Formel Renault\u00a01.6 NEC. Das Team feierte einige Podiums-Platzierungen mit dem Niederl\u00e4nder Larry ten Voorde.\u00a0Auch Rookie Cedric\u00a0machte einen guten Job und\u00a0holte viele Punkte. In der\u00a0Gesamtwertung wurde Cedric Piro Achter und Larry ten Voorde\u00a0Zehnter. In der Teamwertung belegte Piro Sports\u00a0einen tollen vierten Platz.\u00a0Larry ten Voorde ist heute erfolgreicher Rennfahrer im Porsche Carrera Cup Deutschland.<\/p>\n<p>Seit Beginn der ADAC Formel 4 im Jahr 2015 in Deutschland geht das Team Piro Sports\u00a0in der Top-Nachwuchsrennserie des ADAC an den Start. In der Saison 2017 tritt das Team Piro\u00a0Sports Interdental mit den Fahrern Doureid &#8222;Dodo&#8220; Ghattas und Cedric Piro in der ADAC Formel 4\u00a0an. Cedric Piro strebt ebenfalls wie sein fr\u00fcherer Teamkollege Larry ten Voorde\u00a0eine Karriere im GT-Sport an.\u00a0&#8222;Dodo&#8220; Ghattas f\u00e4hrt mit dem Team aus dem Saarland seine Rookie-Saison im Formel-Sport. 2018 startete Piro Sports in der TCR Europe Series.<\/p>\n<p>Nach einem Jahr Pause meldet sich das Team aus Heusweiler 2020 zur\u00fcck und nimmt die ADAC GT4 Germany mit zwei Ginetta G55 GT4 in Angriff.<\/p>\n<p><strong>Erfolge:<\/strong><\/p>\n<p>2016 &#8211; ADAC Formel 4<br \/>\n<a href=\"http:\/\/www.cedric-piro.de\/pirosports\/wp-content\/uploads\/2014\/06\/2016-Fahrer.pdf\" target=\"_blank\" rel=\"noopener noreferrer\">Fahrerwertung<\/a><\/p>\n<p>2015 &#8211; ADAC Formel 4<br \/>\n<a href=\"http:\/\/www.cedric-piro.de\/wp-content\/uploads\/2015\/11\/2015-Fahrer.pdf\" target=\"_blank\" rel=\"noopener noreferrer\">Fahrerwertung<\/a><\/p>\n<p>2014 &#8211; Formel Renault 1.6 NEC Junior<br \/>\n<a href=\"http:\/\/www.cedric-piro.de\/pirosports\/wp-content\/uploads\/2014\/06\/Allround-standings-DRIVERS-without-Nurburgring-FR16-2014.pdf\" target=\"_blank\" rel=\"noopener noreferrer\">Fahrerwertung<\/a><br \/>\n<a href=\"http:\/\/www.cedric-piro.de\/pirosports\/wp-content\/uploads\/2014\/06\/Official-Allround-standings-TEAMS-FR16-2014.pdf\" target=\"_blank\" rel=\"noopener noreferrer\">Teamwertung<\/a><\/p>\n","protected":false},"excerpt":{"rendered":"<p>Das Team Piro Sports wurde im Jahr 1998 von Erwin Piro\u00a0gegr\u00fcndet. Piro Sports ist ein Team mit einer\u00a0sehr\u00a0famili\u00e4ren Atmosph\u00e4re und einer langen Tradition im Motorsport. Teamchef Erwin Piro macht seit seinem 18. Lebensjahr Rennsport. Der heutige Teamchef griff fr\u00fcher selbst ins Lenkrad und begann seine Karriere mit Bergrennen. Erwin war professioneller Rennfahrer in der Formel [&hellip;]<\/p>\n","protected":false},"author":2,"featured_media":0,"parent":0,"menu_order":0,"comment_status":"open","ping_status":"open","template":"","meta":{"footnotes":""},"class_list":["post-145","page","type-page","status-publish","hentry"],"_links":{"self":[{"href":"https:\/\/www.cedric-piro.de\/pirosports\/index.php?rest_route=\/wp\/v2\/pages\/145","targetHints":{"allow":["GET"]}}],"collection":[{"href":"https:\/\/www.cedric-piro.de\/pirosports\/index.php?rest_route=\/wp\/v2\/pages"}],"about":[{"href":"https:\/\/www.cedric-piro.de\/pirosports\/index.php?rest_route=\/wp\/v2\/types\/page"}],"author":[{"embeddable":true,"href":"https:\/\/www.cedric-piro.de\/pirosports\/index.php?rest_route=\/wp\/v2\/users\/2"}],"replies":[{"embeddable":true,"href":"https:\/\/www.cedric-piro.de\/pirosports\/index.php?rest_route=%2Fwp%2Fv2%2Fcomments&post=145"}],"version-history":[{"count":7,"href":"https:\/\/www.cedric-piro.de\/pirosports\/index.php?rest_route=\/wp\/v2\/pages\/145\/revisions"}],"predecessor-version":[{"id":1060,"href":"https:\/\/www.cedric-piro.de\/pirosports\/index.php?rest_route=\/wp\/v2\/pages\/145\/revisions\/1060"}],"wp:attachment":[{"href":"https:\/\/www.cedric-piro.de\/pirosports\/index.php?rest_route=%2Fwp%2Fv2%2Fmedia&parent=145"}],"curies":[{"name":"wp","href":"https:\/\/api.w.org\/{rel}","templated":true}]}}